{"id":12,"date":"2021-10-19T17:04:27","date_gmt":"2021-10-19T17:04:27","guid":{"rendered":"https:\/\/listinghive.hivepress.io\/?page_id=12"},"modified":"2024-05-14T01:06:16","modified_gmt":"2024-05-14T00:06:16","slug":"top-annuaire-gratuite-maroc","status":"publish","type":"page","link":"https:\/\/groupe2wafa.com\/annuaire\/top-annuaire-gratuite-maroc\/","title":{"rendered":"Listings"},"content":{"rendered":"\n<script async=\"\" src=\"https:\/\/pagead2.googlesyndication.com\/pagead\/js\/adsbygoogle.js?client=ca-pub-4331543353349373\" crossorigin=\"anonymous\"><\/script>\n<!-- do5a2 -->\n<ins class=\"adsbygoogle\" style=\"display:block\" data-ad-client=\"ca-pub-4331543353349373\" data-ad-slot=\"5096958282\" data-ad-format=\"auto\" data-full-width-responsive=\"true\"><\/ins>\n<script>\n     (adsbygoogle = window.adsbygoogle || []).push({});\n<\/script>\n","protected":false},"excerpt":{"rendered":"","protected":false},"author":1,"featured_media":0,"parent":0,"menu_order":0,"comment_status":"closed","ping_status":"closed","template":"","meta":{"_uag_custom_page_level_css":"","footnotes":""},"class_list":["post-12","page","type-page","status-publish","hentry"],"yoast_head":"<!-- This site is optimized with the Yoast SEO plugin v26.9 - https:\/\/yoast.com\/product\/yoast-seo-wordpress\/ -->\n<title>Do5anet est un annuaire des adresses web du Maroc<\/title>\n<meta name=\"description\" content=\"Top 10 des meilleurs annuaires SEO gratuits pour vos Backlinks. l&#039;annuaire des professionnels du Maroc. Do5anet est un annuaire des adresses web du Maroc, Top des sites internet marocain, Annuaire th\u00e9matique, r\u00e9f\u00e9rencement gratuit.\" \/>\n<meta name=\"robots\" content=\"index, follow, max-snippet:-1, max-image-preview:large, max-video-preview:-1\" \/>\n<link rel=\"canonical\" href=\"https:\/\/groupe2wafa.com\/annuaire\/top-annuaire-gratuite-maroc\/\" \/>\n<meta property=\"og:locale\" content=\"fr_FR\" \/>\n<meta property=\"og:type\" content=\"article\" \/>\n<meta property=\"og:title\" content=\"Do5anet est un annuaire des adresses web du Maroc\" \/>\n<meta property=\"og:description\" content=\"Top 10 des meilleurs annuaires SEO gratuits pour vos Backlinks. l&#039;annuaire des professionnels du Maroc. Do5anet est un annuaire des adresses web du Maroc, Top des sites internet marocain, Annuaire th\u00e9matique, r\u00e9f\u00e9rencement gratuit.\" \/>\n<meta property=\"og:url\" content=\"https:\/\/groupe2wafa.com\/annuaire\/top-annuaire-gratuite-maroc\/\" \/>\n<meta property=\"og:site_name\" content=\"Top Annuaire Gratuite : Do5aNet\" \/>\n<meta property=\"article:publisher\" content=\"https:\/\/www.facebook.com\/profile.php?id=100025877906904\" \/>\n<meta property=\"article:modified_time\" content=\"2024-05-14T00:06:16+00:00\" \/>\n<meta name=\"twitter:card\" content=\"summary_large_image\" \/>\n<script type=\"application\/ld+json\" class=\"yoast-schema-graph\">{\"@context\":\"https:\/\/schema.org\",\"@graph\":[{\"@type\":\"WebPage\",\"@id\":\"https:\/\/groupe2wafa.com\/annuaire\/top-annuaire-gratuite-maroc\/\",\"url\":\"https:\/\/groupe2wafa.com\/annuaire\/top-annuaire-gratuite-maroc\/\",\"name\":\"Do5anet est un annuaire des adresses web du Maroc\",\"isPartOf\":{\"@id\":\"https:\/\/groupe2wafa.com\/annuaire\/#website\"},\"datePublished\":\"2021-10-19T17:04:27+00:00\",\"dateModified\":\"2024-05-14T00:06:16+00:00\",\"description\":\"Top 10 des meilleurs annuaires SEO gratuits pour vos Backlinks. l'annuaire des professionnels du Maroc. Do5anet est un annuaire des adresses web du Maroc, Top des sites internet marocain, Annuaire th\u00e9matique, r\u00e9f\u00e9rencement gratuit.\",\"inLanguage\":\"fr-FR\",\"potentialAction\":[{\"@type\":\"ReadAction\",\"target\":[\"https:\/\/groupe2wafa.com\/annuaire\/top-annuaire-gratuite-maroc\/\"]}]},{\"@type\":\"WebSite\",\"@id\":\"https:\/\/groupe2wafa.com\/annuaire\/#website\",\"url\":\"https:\/\/groupe2wafa.com\/annuaire\/\",\"name\":\"Top Annuaire Gratuite : Do5aNet\",\"description\":\"Annuaires sites Internet Maroc : Do5aNet\",\"publisher\":{\"@id\":\"https:\/\/groupe2wafa.com\/annuaire\/#organization\"},\"potentialAction\":[{\"@type\":\"SearchAction\",\"target\":{\"@type\":\"EntryPoint\",\"urlTemplate\":\"https:\/\/groupe2wafa.com\/annuaire\/?s={search_term_string}\"},\"query-input\":{\"@type\":\"PropertyValueSpecification\",\"valueRequired\":true,\"valueName\":\"search_term_string\"}}],\"inLanguage\":\"fr-FR\"},{\"@type\":\"Organization\",\"@id\":\"https:\/\/groupe2wafa.com\/annuaire\/#organization\",\"name\":\"Top Annuaire Gratuite : Do5aNet\",\"url\":\"https:\/\/groupe2wafa.com\/annuaire\/\",\"logo\":{\"@type\":\"ImageObject\",\"inLanguage\":\"fr-FR\",\"@id\":\"https:\/\/groupe2wafa.com\/annuaire\/#\/schema\/logo\/image\/\",\"url\":\"https:\/\/groupe2wafa.com\/annuaire\/wp-content\/uploads\/2025\/12\/cropped-sdq.png\",\"contentUrl\":\"https:\/\/groupe2wafa.com\/annuaire\/wp-content\/uploads\/2025\/12\/cropped-sdq.png\",\"width\":350,\"height\":127,\"caption\":\"Top Annuaire Gratuite : Do5aNet\"},\"image\":{\"@id\":\"https:\/\/groupe2wafa.com\/annuaire\/#\/schema\/logo\/image\/\"},\"sameAs\":[\"https:\/\/www.facebook.com\/profile.php?id=100025877906904\"]}]}<\/script>\n<!-- \/ Yoast SEO plugin. -->","yoast_head_json":{"title":"Do5anet est un annuaire des adresses web du Maroc","description":"Top 10 des meilleurs annuaires SEO gratuits pour vos Backlinks. l'annuaire des professionnels du Maroc. Do5anet est un annuaire des adresses web du Maroc, Top des sites internet marocain, Annuaire th\u00e9matique, r\u00e9f\u00e9rencement gratuit.","robots":{"index":"index","follow":"follow","max-snippet":"max-snippet:-1","max-image-preview":"max-image-preview:large","max-video-preview":"max-video-preview:-1"},"canonical":"https:\/\/groupe2wafa.com\/annuaire\/top-annuaire-gratuite-maroc\/","og_locale":"fr_FR","og_type":"article","og_title":"Do5anet est un annuaire des adresses web du Maroc","og_description":"Top 10 des meilleurs annuaires SEO gratuits pour vos Backlinks. l'annuaire des professionnels du Maroc. Do5anet est un annuaire des adresses web du Maroc, Top des sites internet marocain, Annuaire th\u00e9matique, r\u00e9f\u00e9rencement gratuit.","og_url":"https:\/\/groupe2wafa.com\/annuaire\/top-annuaire-gratuite-maroc\/","og_site_name":"Top Annuaire Gratuite : Do5aNet","article_publisher":"https:\/\/www.facebook.com\/profile.php?id=100025877906904","article_modified_time":"2024-05-14T00:06:16+00:00","twitter_card":"summary_large_image","schema":{"@context":"https:\/\/schema.org","@graph":[{"@type":"WebPage","@id":"https:\/\/groupe2wafa.com\/annuaire\/top-annuaire-gratuite-maroc\/","url":"https:\/\/groupe2wafa.com\/annuaire\/top-annuaire-gratuite-maroc\/","name":"Do5anet est un annuaire des adresses web du Maroc","isPartOf":{"@id":"https:\/\/groupe2wafa.com\/annuaire\/#website"},"datePublished":"2021-10-19T17:04:27+00:00","dateModified":"2024-05-14T00:06:16+00:00","description":"Top 10 des meilleurs annuaires SEO gratuits pour vos Backlinks. l'annuaire des professionnels du Maroc. Do5anet est un annuaire des adresses web du Maroc, Top des sites internet marocain, Annuaire th\u00e9matique, r\u00e9f\u00e9rencement gratuit.","inLanguage":"fr-FR","potentialAction":[{"@type":"ReadAction","target":["https:\/\/groupe2wafa.com\/annuaire\/top-annuaire-gratuite-maroc\/"]}]},{"@type":"WebSite","@id":"https:\/\/groupe2wafa.com\/annuaire\/#website","url":"https:\/\/groupe2wafa.com\/annuaire\/","name":"Top Annuaire Gratuite : Do5aNet","description":"Annuaires sites Internet Maroc : Do5aNet","publisher":{"@id":"https:\/\/groupe2wafa.com\/annuaire\/#organization"},"potentialAction":[{"@type":"SearchAction","target":{"@type":"EntryPoint","urlTemplate":"https:\/\/groupe2wafa.com\/annuaire\/?s={search_term_string}"},"query-input":{"@type":"PropertyValueSpecification","valueRequired":true,"valueName":"search_term_string"}}],"inLanguage":"fr-FR"},{"@type":"Organization","@id":"https:\/\/groupe2wafa.com\/annuaire\/#organization","name":"Top Annuaire Gratuite : Do5aNet","url":"https:\/\/groupe2wafa.com\/annuaire\/","logo":{"@type":"ImageObject","inLanguage":"fr-FR","@id":"https:\/\/groupe2wafa.com\/annuaire\/#\/schema\/logo\/image\/","url":"https:\/\/groupe2wafa.com\/annuaire\/wp-content\/uploads\/2025\/12\/cropped-sdq.png","contentUrl":"https:\/\/groupe2wafa.com\/annuaire\/wp-content\/uploads\/2025\/12\/cropped-sdq.png","width":350,"height":127,"caption":"Top Annuaire Gratuite : Do5aNet"},"image":{"@id":"https:\/\/groupe2wafa.com\/annuaire\/#\/schema\/logo\/image\/"},"sameAs":["https:\/\/www.facebook.com\/profile.php?id=100025877906904"]}]}},"uagb_featured_image_src":{"full":false,"thumbnail":false,"medium":false,"medium_large":false,"large":false,"1536x1536":false,"2048x2048":false,"hp_square_small":false,"hp_landscape_small":false,"hp_landscape_large":false,"ht_portrait_small":false,"ht_landscape_large":false,"ht_cover_large":false},"uagb_author_info":{"display_name":"Taybi","author_link":"https:\/\/groupe2wafa.com\/annuaire\/author\/admin\/"},"uagb_comment_info":0,"uagb_excerpt":null,"_links":{"self":[{"href":"https:\/\/groupe2wafa.com\/annuaire\/wp-json\/wp\/v2\/pages\/12","targetHints":{"allow":["GET"]}}],"collection":[{"href":"https:\/\/groupe2wafa.com\/annuaire\/wp-json\/wp\/v2\/pages"}],"about":[{"href":"https:\/\/groupe2wafa.com\/annuaire\/wp-json\/wp\/v2\/types\/page"}],"author":[{"embeddable":true,"href":"https:\/\/groupe2wafa.com\/annuaire\/wp-json\/wp\/v2\/users\/1"}],"replies":[{"embeddable":true,"href":"https:\/\/groupe2wafa.com\/annuaire\/wp-json\/wp\/v2\/comments?post=12"}],"version-history":[{"count":4,"href":"https:\/\/groupe2wafa.com\/annuaire\/wp-json\/wp\/v2\/pages\/12\/revisions"}],"predecessor-version":[{"id":861,"href":"https:\/\/groupe2wafa.com\/annuaire\/wp-json\/wp\/v2\/pages\/12\/revisions\/861"}],"wp:attachment":[{"href":"https:\/\/groupe2wafa.com\/annuaire\/wp-json\/wp\/v2\/media?parent=12"}],"curies":[{"name":"wp","href":"https:\/\/api.w.org\/{rel}","templated":true}]}}